{"id":2358,"date":"2019-09-06T13:53:50","date_gmt":"2019-09-06T11:53:50","guid":{"rendered":"http:\/\/www.palencia.uva.es\/services\/"},"modified":"2019-09-30T11:53:57","modified_gmt":"2019-09-30T09:53:57","slug":"services","status":"publish","type":"page","link":"http:\/\/www.palencia.uva.es\/en\/services\/","title":{"rendered":"Services"},"content":{"rendered":"[et_pb_section fb_built=&#8221;1&#8243; _builder_version=&#8221;3.22.3&#8243; custom_padding=&#8221;0|0px|0|0px|false|false&#8221;][et_pb_row _builder_version=&#8221;3.22.3&#8243; background_size=&#8221;initial&#8221; background_position=&#8221;top_left&#8221; background_repeat=&#8221;repeat&#8221;][et_pb_column type=&#8221;4_4&#8243; _builder_version=&#8221;3.0.47&#8243;][et_pb_text admin_label=&#8221;Servicios t\u00edtulo&#8221; module_id=&#8221;grados&#8221; _builder_version=&#8221;3.22.7&#8243; text_font=&#8221;Montserrat|||||on|||&#8221; text_text_color=&#8221;#ffffff&#8221; text_font_size=&#8221;40px&#8221; text_letter_spacing=&#8221;33px&#8221; text_text_shadow_style=&#8221;preset1&#8243; background_color=&#8221;#bb29bb&#8221; custom_padding=&#8221;1em||&#8221; z_index_tablet=&#8221;500&#8243; text_font_size_tablet=&#8221;30px&#8221; text_font_size_last_edited=&#8221;on|phone&#8221; text_letter_spacing_tablet=&#8221;0px&#8221; text_letter_spacing_last_edited=&#8221;on|desktop&#8221;]\n<p>Services<\/p>\n[\/et_pb_text][\/et_pb_column][\/et_pb_row][et_pb_row custom_padding=&#8221;27px|0px|0|0px|false|false&#8221; custom_margin=&#8221;||2em&#8221; module_class=&#8221;dashicon-enlace servicios-lista&#8221; _builder_version=&#8221;3.22.3&#8243; background_size=&#8221;initial&#8221; background_position=&#8221;top_left&#8221; background_repeat=&#8221;repeat&#8221;][et_pb_column type=&#8221;4_4&#8243; _builder_version=&#8221;3.0.47&#8243;][et_pb_text ul_item_indent=&#8221;16px&#8221; ol_type=&#8221;decimal-leading-zero&#8221; ol_position=&#8221;outside&#8221; ol_item_indent=&#8221;4vw&#8221; admin_label=&#8221;Servicios &#8211; lista UGI&#8221; _builder_version=&#8221;3.22.7&#8243; ul_font=&#8221;Roboto|300|||||||&#8221; ul_font_size=&#8221;18px&#8221; ol_font=&#8221;Montserrat|700|||||||&#8221; ol_text_color=&#8221;#bb29bb&#8221; ol_font_size=&#8221;28px&#8221; ol_line_height=&#8221;1.5em&#8221; header_5_font=&#8221;Roboto||||||||&#8221; header_5_font_size=&#8221;20px&#8221; use_background_color_gradient=&#8221;on&#8221; background_color_gradient_start=&#8221;rgba(0,0,0,0.04)&#8221; background_color_gradient_end=&#8221;rgba(255,255,255,0)&#8221; background_color_gradient_direction=&#8221;90deg&#8221; background_color_gradient_start_position=&#8221;25%&#8221; background_color_gradient_end_position=&#8221;50%&#8221; custom_padding=&#8221;1vw||0vw||false&#8221; z_index_tablet=&#8221;500&#8243; header_5_font_size_last_edited=&#8221;on|desktop&#8221;]\n<ol>\n<li>\n<h5><a href=\"http:\/\/www.palencia.uva.es\/en\/integrated-management-unit\/\">Integrated Management Unit<\/a><\/h5>\n<ul>\n<li><a href=\"http:\/\/www.palencia.uva.es\/en\/integrated-management-unit\/\">Preregistration and enrolment |\u00a0General forms | Validations<\/a><\/li>\n<\/ul>\n<\/li>\n<\/ol>\n<p>&nbsp;<br \/>\n[\/et_pb_text][et_pb_text ul_type=&#8221;none&#8221; ol_type=&#8221;decimal-leading-zero&#8221; ol_position=&#8221;outside&#8221; ol_item_indent=&#8221;4vw&#8221; admin_label=&#8221;Servicios &#8211; lista resto&#8221; _builder_version=&#8221;3.23.3&#8243; ul_font=&#8221;Roboto|300|||||||&#8221; ul_font_size=&#8221;18px&#8221; ol_font=&#8221;Montserrat|700|||||||&#8221; ol_text_color=&#8221;#bb29bb&#8221; ol_font_size=&#8221;28px&#8221; ol_line_height=&#8221;1.5em&#8221; header_5_font=&#8221;Roboto||||||||&#8221; header_5_font_size=&#8221;20px&#8221; use_background_color_gradient=&#8221;on&#8221; background_color_gradient_start=&#8221;rgba(0,0,0,0.04)&#8221; background_color_gradient_end=&#8221;rgba(255,255,255,0)&#8221; background_color_gradient_direction=&#8221;90deg&#8221; background_color_gradient_start_position=&#8221;25%&#8221; background_color_gradient_end_position=&#8221;50%&#8221; custom_padding=&#8221;1vw||0vw||false&#8221; z_index_tablet=&#8221;500&#8243; header_5_font_size_last_edited=&#8221;on|desktop&#8221;]\n<ol>\n<li>\n<h5>Social Affairs<br \/><\/h5>\n<\/li>\n<li>\n<h5>Audiovisual<\/h5>\n<\/li>\n<li>\n<h5>Library<\/h5>\n<\/li>\n<li>\n<h5>Sports<\/h5>\n<\/li>\n<li>\n<h5>General Foundation<br \/><\/h5>\n<\/li>\n<li>\n<h5>Computing<\/h5>\n<\/li>\n<li>\n<h5>Maintenance<\/h5>\n<\/li>\n<li>\n<h5>Science Park<br \/><\/h5>\n<\/li>\n<li>\n<h5>International relations<br \/><\/h5>\n<\/li>\n<li>\n<h5>Volunteering<\/h5>\n<\/li>\n<\/ol>\n[\/et_pb_text][\/et_pb_column][\/et_pb_row][\/et_pb_section]\n","protected":false},"excerpt":{"rendered":"<p>Services Integrated Management Unit Preregistration and enrolment |\u00a0General forms | Validations &nbsp; Social AffairsAudiovisualLibrarySportsGeneral FoundationComputingMaintenanceScience ParkInternational relationsVolunteering<\/p>\n","protected":false},"author":1,"featured_media":0,"parent":0,"menu_order":1,"comment_status":"closed","ping_status":"closed","template":"","meta":{"_acf_changed":false,"_et_pb_use_builder":"on","_et_pb_old_content":"<p>[su_row class=\"\"][su_column size=\"1\/1\" class=\"\"][su_button style=\"bubbles\" background=\"#BB29BB\" size=\"5\" wide=\"yes\" center=\"yes\" class=\"botones\"]UGI - Unidad de gesti\u00f3n integrada[\/su_button][\/su_column][\/su_row]<\/p><h4>3.1 La UGI<\/h4><p>La Unidad de Gesti\u00f3n integrada se encarga de los tr\u00e1mites relacionados con<\/p><ul><li>Preinscripci\u00f3n y matr\u00edcula<\/li><li>Impresos generales<\/li><li>Convalidaciones<\/li><\/ul><p><strong><a href=\"\/servicios\/ugi-unidad-de-gestion-integrada\/\">Ver la informaci\u00f3n<\/a><\/strong><\/p><p>[su_row class=\"\"][su_column size=\"1\/2\" class=\"\"][su_button style=\"default\" background=\"#BB29BB\" size=\"5\" wide=\"yes\" center=\"yes\" class=\"botones\"]Biblioteca[\/su_button]<\/p><p>Informaci\u00f3n de contacto y servicios en Palencia[\/su_column][su_column size=\"1\/2\" class=\"\"][su_button style=\"default\" background=\"#BB29BB\" size=\"5\" wide=\"yes\" center=\"yes\" class=\"botones\"]Deportes[\/su_button]<\/p><p>Informaci\u00f3n de contacto y servicios en Palencia[\/su_column][\/su_row]<\/p><p>[su_row class=\"\"][su_column size=\"1\/2\" class=\"\"][su_column][su_button style=\"flat\" background=\"#BB29BB\" size=\"5\" wide=\"yes\" center=\"yes\" class=\"botones\"]Fundaci\u00f3n general[\/su_button]<\/p><p>Informaci\u00f3n de contacto y servicios en Palencia[\/su_column][su_column size=\"1\/2\" class=\"\"][su_button style=\"flat\" background=\"#BB29BB\" size=\"5\" wide=\"yes\" center=\"yes\" class=\"botones\"]Parque cient\u00edfico[\/su_button]<\/p><p>Informaci\u00f3n de contacto y servicios en Palencia[\/su_column][\/su_row]<\/p><p>[su_row class=\"\"][su_column size=\"1\/2\" class=\"\"][su_column][su_button style=\"stroked\" background=\"#BB29BB\" size=\"5\" wide=\"yes\" center=\"yes\" class=\"botones\"]Relaciones internacionales[\/su_button]<\/p><p>Informaci\u00f3n de contacto y servicios en Palencia[\/su_column]<br \/>[su_column size=\"1\/2\" class=\"\"][su_column][su_button style=\"3d\" background=\"#BB29BB\" size=\"5\" wide=\"yes\" center=\"yes\" class=\"botones\"]Mantenimiento[\/su_button]<\/p><p>Informaci\u00f3n de contacto y servicios en Palencia[\/su_column][\/su_row]<\/p><p>[su_row class=\"\"][su_column size=\"1\/2\" class=\"\"][su_column][su_button style=\"glass\" background=\"#BB29BB\" size=\"5\" wide=\"yes\" center=\"yes\" class=\"botones\"]Audiovisuales[\/su_button]<\/p><p>Informaci\u00f3n de contacto y servicios en Palencia[\/su_column][su_column size=\"1\/2\" class=\"\"][su_column][su_button style=\"noise\" background=\"#BB29BB\" size=\"5\" wide=\"yes\" center=\"yes\" class=\"botones\"]Inform\u00e1tica[\/su_button]<\/p><p>Informaci\u00f3n de contacto y servicios en Palencia.<br \/>El servicio de inform\u00e1tica tiene un desarrollo propio de gesti\u00f3n de incidencias y peticiones de servicio. Se renovar\u00e1 la interfaz pero se mantendr\u00e1 en servidor propio.[\/su_column][\/su_row]<\/p>","_et_gb_content_width":"","_joinchat":[],"footnotes":""},"class_list":["post-2358","page","type-page","status-publish","hentry"],"acf":[],"_links":{"self":[{"href":"http:\/\/www.palencia.uva.es\/en\/wp-json\/wp\/v2\/pages\/2358","targetHints":{"allow":["GET"]}}],"collection":[{"href":"http:\/\/www.palencia.uva.es\/en\/wp-json\/wp\/v2\/pages"}],"about":[{"href":"http:\/\/www.palencia.uva.es\/en\/wp-json\/wp\/v2\/types\/page"}],"author":[{"embeddable":true,"href":"http:\/\/www.palencia.uva.es\/en\/wp-json\/wp\/v2\/users\/1"}],"replies":[{"embeddable":true,"href":"http:\/\/www.palencia.uva.es\/en\/wp-json\/wp\/v2\/comments?post=2358"}],"version-history":[{"count":2,"href":"http:\/\/www.palencia.uva.es\/en\/wp-json\/wp\/v2\/pages\/2358\/revisions"}],"predecessor-version":[{"id":2519,"href":"http:\/\/www.palencia.uva.es\/en\/wp-json\/wp\/v2\/pages\/2358\/revisions\/2519"}],"wp:attachment":[{"href":"http:\/\/www.palencia.uva.es\/en\/wp-json\/wp\/v2\/media?parent=2358"}],"curies":[{"name":"wp","href":"https:\/\/api.w.org\/{rel}","templated":true}]}}