{"id":2336,"date":"2019-09-06T13:34:16","date_gmt":"2019-09-06T11:34:16","guid":{"rendered":"http:\/\/www.palencia.uva.es\/centers-and-departments\/"},"modified":"2019-09-20T10:21:26","modified_gmt":"2019-09-20T08:21:26","slug":"centers-and-departments","status":"publish","type":"page","link":"https:\/\/www.palencia.uva.es\/en\/centers-and-departments\/","title":{"rendered":"Centers and Departments"},"content":{"rendered":"[et_pb_section fb_built=&#8221;1&#8243; _builder_version=&#8221;3.22.3&#8243; custom_padding=&#8221;0|0px|0|0px|false|false&#8221;][et_pb_row _builder_version=&#8221;3.22.3&#8243; background_size=&#8221;initial&#8221; background_position=&#8221;top_left&#8221; background_repeat=&#8221;repeat&#8221;][et_pb_column type=&#8221;4_4&#8243; _builder_version=&#8221;3.0.47&#8243;][et_pb_text admin_label=&#8221;Centros&#8221; _builder_version=&#8221;3.19.18&#8243; text_font=&#8221;Montserrat|||||on|||&#8221; text_text_color=&#8221;#ffffff&#8221; text_font_size=&#8221;40px&#8221; text_letter_spacing=&#8221;33px&#8221; text_text_shadow_style=&#8221;preset1&#8243; background_color=&#8221;#bb29bb&#8221; custom_padding=&#8221;1em||&#8221; text_font_size_tablet=&#8221;30px&#8221; text_font_size_last_edited=&#8221;on|phone&#8221; text_letter_spacing_tablet=&#8221;0px&#8221; text_letter_spacing_last_edited=&#8221;on|desktop&#8221;]Centers<br \/>\n[\/et_pb_text][\/et_pb_column][\/et_pb_row][et_pb_row _builder_version=&#8221;3.22.3&#8243; background_size=&#8221;initial&#8221; background_position=&#8221;top_left&#8221; background_repeat=&#8221;repeat&#8221;][et_pb_column type=&#8221;1_2&#8243; _builder_version=&#8221;3.0.47&#8243;][et_pb_image src=&#8221;http:\/\/www.palencia.uva.es\/wp-content\/uploads\/2019\/03\/fed-foto2.jpg&#8221; url=&#8221;http:\/\/educacionpalencia.es\/&#8221; url_new_window=&#8221;on&#8221; align_tablet=&#8221;center&#8221; align_last_edited=&#8221;on|desktop&#8221; admin_label=&#8221;Imagen FED&#8221; _builder_version=&#8221;3.23&#8243;]\n[\/et_pb_image][\/et_pb_column][et_pb_column type=&#8221;1_2&#8243; _builder_version=&#8221;3.0.47&#8243;][et_pb_image src=&#8221;http:\/\/www.palencia.uva.es\/wp-content\/uploads\/2019\/03\/etsiiaa-logo.png&#8221; url=&#8221;http:\/\/www5.uva.es\/etsiiaa\/&#8221; url_new_window=&#8221;on&#8221; align=&#8221;center&#8221; align_tablet=&#8221;center&#8221; align_last_edited=&#8221;on|desktop&#8221; admin_label=&#8221;Logo ETSIIAA&#8221; _builder_version=&#8221;3.23&#8243; custom_padding=&#8221;7px||7px|&#8221;]\n[\/et_pb_image][\/et_pb_column][\/et_pb_row][et_pb_row _builder_version=&#8221;3.22.3&#8243; background_size=&#8221;initial&#8221; background_position=&#8221;top_left&#8221; background_repeat=&#8221;repeat&#8221;][et_pb_column type=&#8221;1_2&#8243; _builder_version=&#8221;3.0.47&#8243;][et_pb_image src=&#8221;http:\/\/157.88.229.56\/wp-content\/uploads\/2019\/03\/fcc-foto2.jpg&#8221; url=&#8221;http:\/\/fcct.palencia.uva.es\/&#8221; url_new_window=&#8221;on&#8221; align=&#8221;center&#8221; align_tablet=&#8221;center&#8221; align_last_edited=&#8221;on|desktop&#8221; admin_label=&#8221;Imagen FCCT&#8221; _builder_version=&#8221;3.23&#8243; z_index_tablet=&#8221;500&#8243;]\n[\/et_pb_image][\/et_pb_column][et_pb_column type=&#8221;1_2&#8243; _builder_version=&#8221;3.0.47&#8243;][\/et_pb_column][\/et_pb_row][\/et_pb_section][et_pb_section fb_built=&#8221;1&#8243; _builder_version=&#8221;3.22.3&#8243; custom_padding=&#8221;0|0px|0|0px|false|false&#8221;][et_pb_row _builder_version=&#8221;3.22.3&#8243; background_size=&#8221;initial&#8221; background_position=&#8221;top_left&#8221; background_repeat=&#8221;repeat&#8221;][et_pb_column type=&#8221;4_4&#8243; _builder_version=&#8221;3.0.47&#8243;][et_pb_text admin_label=&#8221;Centro adscrito&#8221; _builder_version=&#8221;3.23.3&#8243; text_font=&#8221;Montserrat|||||on|||&#8221; text_text_color=&#8221;#ffffff&#8221; text_font_size=&#8221;40px&#8221; text_letter_spacing=&#8221;33px&#8221; text_text_shadow_style=&#8221;preset1&#8243; background_color=&#8221;#bb29bb&#8221; custom_padding=&#8221;1em||&#8221; text_font_size_tablet=&#8221;30px&#8221; text_font_size_last_edited=&#8221;on|phone&#8221; text_letter_spacing_tablet=&#8221;0px&#8221; text_letter_spacing_last_edited=&#8221;on|desktop&#8221;]Affiliated center[\/et_pb_text][\/et_pb_column][\/et_pb_row][et_pb_row _builder_version=&#8221;3.22.3&#8243; background_size=&#8221;initial&#8221; background_position=&#8221;top_left&#8221; background_repeat=&#8221;repeat&#8221;][et_pb_column type=&#8221;1_2&#8243; _builder_version=&#8221;3.0.47&#8243;][et_pb_image src=&#8221;http:\/\/www.palencia.uva.es\/wp-content\/uploads\/2019\/03\/euepalencia-foto2.jpg&#8221; url=&#8221;https:\/\/www.diputaciondepalencia.es\/sitio\/eu-enfermeria&#8221; url_new_window=&#8221;on&#8221; align_tablet=&#8221;center&#8221; align_last_edited=&#8221;on|desktop&#8221; admin_label=&#8221;Imagen EUE&#8221; _builder_version=&#8221;3.23&#8243;]\n[\/et_pb_image][\/et_pb_column][et_pb_column type=&#8221;1_2&#8243; _builder_version=&#8221;3.0.47&#8243;][\/et_pb_column][\/et_pb_row][\/et_pb_section][et_pb_section fb_built=&#8221;1&#8243; _builder_version=&#8221;3.22.3&#8243; custom_padding=&#8221;0|0px|0|0px|false|false&#8221;][et_pb_row _builder_version=&#8221;3.22.3&#8243; background_size=&#8221;initial&#8221; background_position=&#8221;top_left&#8221; background_repeat=&#8221;repeat&#8221;][et_pb_column type=&#8221;4_4&#8243; _builder_version=&#8221;3.0.47&#8243;][et_pb_text admin_label=&#8221;Departamentos&#8221; _builder_version=&#8221;3.19.18&#8243; text_font=&#8221;Montserrat|||||on|||&#8221; text_text_color=&#8221;#ffffff&#8221; text_font_size=&#8221;40px&#8221; text_letter_spacing=&#8221;33px&#8221; text_text_shadow_style=&#8221;preset1&#8243; background_color=&#8221;#bb29bb&#8221; custom_padding=&#8221;1em||&#8221; text_font_size_tablet=&#8221;30px&#8221; text_font_size_last_edited=&#8221;on|tablet&#8221; text_letter_spacing_tablet=&#8221;0px&#8221; text_letter_spacing_last_edited=&#8221;on|desktop&#8221;]\n<p style=\"text-align: center;\">Departments<\/p>\n[\/et_pb_text][\/et_pb_column][\/et_pb_row][et_pb_row make_equal=&#8221;on&#8221; _builder_version=&#8221;3.22.3&#8243; background_size=&#8221;initial&#8221; background_position=&#8221;top_left&#8221; background_repeat=&#8221;repeat&#8221;][et_pb_column type=&#8221;1_3&#8243; _builder_version=&#8221;3.0.47&#8243;][et_pb_button button_url=&#8221;http:\/\/departamentos.uva.es\/agricolayforestal\/presentacion\/index.html&#8221; url_new_window=&#8221;on&#8221; button_text=&#8221;Agricultural and forest engineering&#8221; button_alignment=&#8221;center&#8221; admin_label=&#8221;Bot\u00f3n IAF&#8221; _builder_version=&#8221;3.19.18&#8243; custom_button=&#8221;on&#8221; button_text_color=&#8221;#ffffff&#8221; button_bg_color=&#8221;#003A70&#8243; button_border_radius=&#8221;0px&#8221; button_font=&#8221;Roboto||||||||&#8221; button_icon=&#8221;%%40%%&#8221; background_layout=&#8221;dark&#8221; custom_padding=&#8221;2em|2em|2em|2em|true|true&#8221;]\n[\/et_pb_button][\/et_pb_column][et_pb_column type=&#8221;1_3&#8243; _builder_version=&#8221;3.0.47&#8243;][et_pb_button button_url=&#8221;http:\/\/departamentos.uva.es\/agroforestales\/presentacion\/index.html&#8221; url_new_window=&#8221;on&#8221; button_text=&#8221;Agroforestry Sciences&#8221; button_alignment=&#8221;center&#8221; admin_label=&#8221;Bot\u00f3n CCAA&#8221; _builder_version=&#8221;3.19.18&#8243; custom_button=&#8221;on&#8221; button_text_color=&#8221;#ffffff&#8221; button_bg_color=&#8221;#BB29BB&#8221; button_border_radius=&#8221;0px&#8221; button_font=&#8221;Roboto||||||||&#8221; button_icon=&#8221;%%40%%&#8221; background_layout=&#8221;dark&#8221; custom_padding=&#8221;2.8em|2em|2.8em|2em|true|true&#8221;]\n[\/et_pb_button][\/et_pb_column][et_pb_column type=&#8221;1_3&#8243; _builder_version=&#8221;3.0.47&#8243;][et_pb_button button_url=&#8221;http:\/\/departamentos.uva.es\/produccionVegetalRecursosForestales\/presentacion\/index.html&#8221; url_new_window=&#8221;on&#8221; button_text=&#8221;Plant Production and Forest Resources&#8221; button_alignment=&#8221;center&#8221; admin_label=&#8221;Bot\u00f3n PVRF&#8221; _builder_version=&#8221;3.19.18&#8243; custom_button=&#8221;on&#8221; button_text_color=&#8221;#ffffff&#8221; button_bg_color=&#8221;#003A70&#8243; button_border_radius=&#8221;0px&#8221; button_font=&#8221;Roboto||||||||&#8221; button_icon=&#8221;%%40%%&#8221; background_layout=&#8221;dark&#8221; custom_padding=&#8221;2em|2em|2em|2em|true|true&#8221;]\n[\/et_pb_button][\/et_pb_column][\/et_pb_row][\/et_pb_section][et_pb_section fb_built=&#8221;1&#8243; _builder_version=&#8221;3.22.3&#8243; custom_padding=&#8221;0|0px|54px|0px|false|false&#8221;][et_pb_row _builder_version=&#8221;3.22.3&#8243; background_size=&#8221;initial&#8221; background_position=&#8221;top_left&#8221; background_repeat=&#8221;repeat&#8221;][et_pb_column type=&#8221;4_4&#8243; _builder_version=&#8221;3.0.47&#8243;][et_pb_text admin_label=&#8221;Institutos&#8221; _builder_version=&#8221;3.20.2&#8243; text_font=&#8221;Montserrat|||||on|||&#8221; text_text_color=&#8221;#ffffff&#8221; text_font_size=&#8221;40px&#8221; text_letter_spacing=&#8221;33px&#8221; text_text_shadow_style=&#8221;preset1&#8243; background_color=&#8221;#bb29bb&#8221; custom_padding=&#8221;1em||&#8221; text_font_size_tablet=&#8221;30px&#8221; text_font_size_last_edited=&#8221;on|phone&#8221; text_letter_spacing_tablet=&#8221;0px&#8221; text_letter_spacing_last_edited=&#8221;on|phone&#8221;]\n<p style=\"text-align: right;\">Others<\/p>\n[\/et_pb_text][\/et_pb_column][\/et_pb_row][et_pb_row _builder_version=&#8221;3.22.3&#8243; background_size=&#8221;initial&#8221; background_position=&#8221;top_left&#8221; background_repeat=&#8221;repeat&#8221;][et_pb_column type=&#8221;1_4&#8243; _builder_version=&#8221;3.0.47&#8243;][\/et_pb_column][et_pb_column type=&#8221;1_4&#8243; _builder_version=&#8221;3.0.47&#8243;][et_pb_blurb title=&#8221;CETECE&#8221; url=&#8221;https:\/\/www.cetece.net\/&#8221; url_new_window=&#8221;on&#8221; image=&#8221;http:\/\/157.88.229.56\/wp-content\/uploads\/2019\/03\/cetece_260x100.png&#8221; admin_label=&#8221;CETECE&#8221; _builder_version=&#8221;3.19.18&#8243; header_font=&#8221;Montserrat||||||||&#8221; header_text_align=&#8221;center&#8221; header_font_size=&#8221;20px&#8221; body_font=&#8221;||||||||&#8221; box_shadow_style_image=&#8221;preset3&#8243; custom_margin=&#8221;||&#8221; custom_padding=&#8221;||&#8221; link_option_url=&#8221;https:\/\/www.cetece.net\/&#8221; link_option_url_new_window=&#8221;on&#8221;]\n[\/et_pb_blurb][\/et_pb_column][et_pb_column type=&#8221;1_4&#8243; _builder_version=&#8221;3.0.47&#8243;][et_pb_blurb title=&#8221;ITAGRA&#8221; url=&#8221;https:\/\/www.itagra.com\/&#8221; url_new_window=&#8221;on&#8221; image=&#8221;http:\/\/157.88.229.56\/wp-content\/uploads\/2019\/03\/itagra_logo_260x100.png&#8221; admin_label=&#8221;ITAGRA&#8221; _builder_version=&#8221;3.19.18&#8243; header_font=&#8221;Montserrat||||||||&#8221; header_text_align=&#8221;center&#8221; header_font_size=&#8221;20px&#8221; body_font=&#8221;||||||||&#8221; box_shadow_style_image=&#8221;preset3&#8243; custom_margin=&#8221;||&#8221; custom_padding=&#8221;||&#8221; link_option_url=&#8221;https:\/\/www.itagra.com\/&#8221; link_option_url_new_window=&#8221;on&#8221;]\n[\/et_pb_blurb][\/et_pb_column][et_pb_column type=&#8221;1_4&#8243; _builder_version=&#8221;3.0.47&#8243;][\/et_pb_column][\/et_pb_row][\/et_pb_section]\n","protected":false},"excerpt":{"rendered":"<p>Centers Affiliated center Departments Others<\/p>\n","protected":false},"author":1,"featured_media":0,"parent":0,"menu_order":3,"comment_status":"closed","ping_status":"closed","template":"","meta":{"_acf_changed":false,"_et_pb_use_builder":"on","_et_pb_old_content":"<h3>16 Centros<\/h3><h4>16.1 Fac. Educaci\u00f3n<\/h4><p><img class=\"aligncenter size-medium\" src=\"http:\/\/i1.wp.com\/educacionpalencia.es\/wp-content\/uploads\/2016\/02\/titulas-2.jpg?fit=712%2C126\" width=\"712\" height=\"126\" \/><\/p><p><a href=\"http:\/\/educacionpalencia.es\/\"><img class=\"size-medium aligncenter\" src=\"http:\/\/educacionpalencia.es\/wp-content\/themes\/FED\/imagenes\/logo-Edu-bn.svg\" width=\"352\" height=\"55\" \/><\/a><\/p><h4>16.2 Fac. CC Trabajo<\/h4><p>Decidir qu\u00e9 hacer aqui, el centro no tiene Web propia.<\/p><p>Propuesta: utilizar el WP de la uva para realizar algo parecido a la de la facultad de enfermer\u00eda de soria<\/p><h4>16.3 ETSIIAA<\/h4><p style=\"text-align: center;\"><a href=\"http:\/\/www5.uva.es\/etsiiaa\"><img class=\"alignnone size-medium\" src=\"http:\/\/www5.uva.es\/etsiiaa\/wp-content\/uploads\/2014\/03\/UVA-ETSIIA-500x96.png\" width=\"500\" height=\"96\" \/><\/a><\/p><h4>16.4 Adscrito: Enfermer\u00eda<\/h4><p><img class=\"aligncenter size-medium\" src=\"https:\/\/www.diputaciondepalencia.es\/sites\/default\/files\/nfiles\/styles\/slider_portada\/public\/novedad\/20180725\/euepalencia.jpg?itok=_FhkE7UB\" width=\"1920\" height=\"415\" \/><\/p><h3>17 Departamentos<\/h3><p>Enumeraci\u00f3n y enlace a la informaci\u00f3n de los departamentos que tienen sede en el Campus. Lo l\u00f3gico ser\u00eda no repetir lo existente en la Web de la UVa, donde hay espacio para la informaci\u00f3n de los departamentos.<\/p><h4>17.1 IAF<\/h4><p>http:\/\/departamentos.uva.es\/agricolayforestal\/presentacion\/index.html<\/p><h4>17.2 CCAA<\/h4><p>http:\/\/departamentos.uva.es\/agricolayforestal\/presentacion\/index.html<\/p><h4>17.3 PVRF<\/h4><p>http:\/\/departamentos.uva.es\/produccionVegetalRecursosForestales\/presentacion\/index.html<\/p><h3>18 Institutos<\/h3><p align=\"center\"><a href=\"https:\/\/www.cetece.net\/\" target=\"_blank\" rel=\"noopener noreferrer\"><img class=\"alignnone wp-image-2355 size-full\" src=\"http:\/\/www.palencia.uva.es\/wp-content\/uploads\/2019\/03\/cetece_260x100.png\" alt=\"\" width=\"260\" height=\"100\" \/><\/a> \u00a0 \u00a0<a href=\"https:\/\/www.itagra.com\/\" target=\"_blank\" rel=\"noopener noreferrer\"><img class=\"alignnone wp-image-2351 size-full\" src=\"http:\/\/www.palencia.uva.es\/wp-content\/uploads\/2019\/03\/itagra_logo_260x100.png\" alt=\"\" width=\"260\" height=\"100\" \/><\/a> \u00a0 \u00a0<a href=\"http:\/\/sostenible.palencia.uva.es\/\" target=\"_blank\" rel=\"noopener noreferrer\"><img class=\"alignnone wp-image-2353 size-full\" src=\"http:\/\/www.palencia.uva.es\/wp-content\/uploads\/2019\/03\/iufor_iugfs-completo_260x100.png\" alt=\"\" width=\"260\" height=\"100\" \/><\/a><\/p>","_et_gb_content_width":"","_joinchat":[],"footnotes":""},"class_list":["post-2336","page","type-page","status-publish","hentry"],"acf":[],"_links":{"self":[{"href":"https:\/\/www.palencia.uva.es\/en\/wp-json\/wp\/v2\/pages\/2336","targetHints":{"allow":["GET"]}}],"collection":[{"href":"https:\/\/www.palencia.uva.es\/en\/wp-json\/wp\/v2\/pages"}],"about":[{"href":"https:\/\/www.palencia.uva.es\/en\/wp-json\/wp\/v2\/types\/page"}],"author":[{"embeddable":true,"href":"https:\/\/www.palencia.uva.es\/en\/wp-json\/wp\/v2\/users\/1"}],"replies":[{"embeddable":true,"href":"https:\/\/www.palencia.uva.es\/en\/wp-json\/wp\/v2\/comments?post=2336"}],"version-history":[{"count":6,"href":"https:\/\/www.palencia.uva.es\/en\/wp-json\/wp\/v2\/pages\/2336\/revisions"}],"predecessor-version":[{"id":2450,"href":"https:\/\/www.palencia.uva.es\/en\/wp-json\/wp\/v2\/pages\/2336\/revisions\/2450"}],"wp:attachment":[{"href":"https:\/\/www.palencia.uva.es\/en\/wp-json\/wp\/v2\/media?parent=2336"}],"curies":[{"name":"wp","href":"https:\/\/api.w.org\/{rel}","templated":true}]}}